{"id":304,"date":"2024-09-29T19:39:04","date_gmt":"2024-09-29T19:39:04","guid":{"rendered":"https:\/\/copenhagenitf.dk\/?page_id=304"},"modified":"2024-10-23T12:35:04","modified_gmt":"2024-10-23T12:35:04","slug":"graduering","status":"publish","type":"page","link":"https:\/\/copenhagenitf.dk\/?page_id=304","title":{"rendered":"Graduering"},"content":{"rendered":"\n<div class=\"wp-block-group is-layout-flow wp-block-group-is-layout-flow\">\n<div class=\"wp-block-group is-layout-flow wp-block-group-is-layout-flow\" style=\"margin-top:0px;margin-bottom:0px;padding-top:25px;padding-right:0px;padding-bottom:var(--wp--preset--spacing--40);padding-left:0px\">\n<div class=\"wp-block-group is-vertical is-layout-flex wp-container-core-group-is-layout-fe9cc265 wp-block-group-is-layout-flex\">\n<p style=\"font-size:clamp(14.082px, 0.88rem + ((1vw - 3.2px) * 0.786), 21px);\"><strong>Graduering<\/strong><\/p>\n\n\n\n<p style=\"font-size:14px\">For at komme til graduering skal du indstilles af din tr\u00e6ner og der skal v\u00e6re g\u00e5et den tid mellem gradueringerne, som pensummet foreskriver. Der skal mindst g\u00e5 3 m\u00e5neder mellem gup gradueringer og det antal \u00e5r, som den dan grad man har, mellem dan gradueringer.<\/p>\n\n\n\n<p style=\"font-size:14px\"><strong>Godskrivelse af kvalifikationer<\/strong><\/p>\n\n\n\n<p style=\"font-size:14px\">Har man en dan grad fra et andet international anerkendt Taekwon-do forbund, kan man blive gradueret hurtigere, idet store dele af pensummet er det samme. Du kan l\u00e6se mere om dette under menupunktet &#8220;Konvertering&#8221;<\/p>\n\n\n\n<p style=\"font-size:14px\"><strong>Pensumkrav til alle grader<\/strong><\/p>\n\n\n\n<p style=\"font-size:14px\">Uanset om du g\u00e5r til en graduering ad den normale vej eller du g\u00e5r til graduering ved godskrivelse af kvalifikationer, s\u00e5 skal man kunne det pensum, som g\u00e6lder til den grad, man g\u00e5r op til, samt til alle forudg\u00e5ende grader.<\/p>\n\n\n\n<p><strong>Hvem foretager gradueringerne<\/strong><\/p>\n\n\n\n<p>Gup gradueringerne foretages af klubbens instrukt\u00f8rer. Dan gradueringer foretages af ITFHQ Danmarks gradueringspanel.<\/p>\n<\/div>\n<\/div>\n<\/div>\n","protected":false},"excerpt":{"rendered":"<p>Graduering For at komme til graduering skal du indstilles af din tr\u00e6ner og der skal v\u00e6re g\u00e5et den tid mellem gradueringerne, som pensummet foreskriver. Der skal mindst g\u00e5 3 m\u00e5neder mellem gup gradueringer og det antal \u00e5r, som den dan grad man har, mellem dan gradueringer. Godskrivelse af kvalifikationer Har man en dan grad fra [&hellip;]<\/p>\n","protected":false},"author":1,"featured_media":0,"parent":0,"menu_order":0,"comment_status":"closed","ping_status":"closed","template":"wp-custom-template-samarbejde-skabelon","meta":{"footnotes":""},"class_list":["post-304","page","type-page","status-publish","hentry"],"_links":{"self":[{"href":"https:\/\/copenhagenitf.dk\/index.php?rest_route=\/wp\/v2\/pages\/304","targetHints":{"allow":["GET"]}}],"collection":[{"href":"https:\/\/copenhagenitf.dk\/index.php?rest_route=\/wp\/v2\/pages"}],"about":[{"href":"https:\/\/copenhagenitf.dk\/index.php?rest_route=\/wp\/v2\/types\/page"}],"author":[{"embeddable":true,"href":"https:\/\/copenhagenitf.dk\/index.php?rest_route=\/wp\/v2\/users\/1"}],"replies":[{"embeddable":true,"href":"https:\/\/copenhagenitf.dk\/index.php?rest_route=%2Fwp%2Fv2%2Fcomments&post=304"}],"version-history":[{"count":9,"href":"https:\/\/copenhagenitf.dk\/index.php?rest_route=\/wp\/v2\/pages\/304\/revisions"}],"predecessor-version":[{"id":436,"href":"https:\/\/copenhagenitf.dk\/index.php?rest_route=\/wp\/v2\/pages\/304\/revisions\/436"}],"wp:attachment":[{"href":"https:\/\/copenhagenitf.dk\/index.php?rest_route=%2Fwp%2Fv2%2Fmedia&parent=304"}],"curies":[{"name":"wp","href":"https:\/\/api.w.org\/{rel}","templated":true}]}}