{"id":87,"date":"2024-09-25T14:47:58","date_gmt":"2024-09-25T14:47:58","guid":{"rendered":"https:\/\/copenhagenitf.dk\/?page_id=87"},"modified":"2024-10-01T05:51:32","modified_gmt":"2024-10-01T05:51:32","slug":"konvertering","status":"publish","type":"page","link":"https:\/\/copenhagenitf.dk\/?page_id=87","title":{"rendered":"Konvertering"},"content":{"rendered":"\n<main class=\"wp-block-group is-layout-flow wp-container-core-group-is-layout-a77db08e wp-block-group-is-layout-flow\">\n<div class=\"wp-block-group has-bright-background-color has-background has-global-padding is-layout-constrained wp-container-core-group-is-layout-e6eb483b wp-block-group-is-layout-constrained\" style=\"margin-top:0;margin-bottom:0;padding-top:25px;padding-bottom:var(--wp--preset--spacing--40)\">\n<div class=\"wp-block-group alignwide is-vertical is-layout-flex wp-container-core-group-is-layout-fe9cc265 wp-block-group-is-layout-flex\">\n<p style=\"padding-right:40px;padding-left:0;font-size:clamp(14.082px, 0.88rem + ((1vw - 3.2px) * 0.786), 21px);\"><strong>Konvertering til vores forbund<\/strong><\/p>\n\n\n\n<p style=\"font-size:14px\">Har du allerede en Taekwondo grad fra et andet internationalt anerkendt forbund \u2013 hvad enten det er ITF, WT eller et helt tredje \u2013 og \u00f8nsker du at konvertere til denne grad hos os, kan du l\u00e6se mere om processen her.<\/p>\n\n\n\n<p style=\"font-size:14px\"><strong>Er din grad fra et ITF-forbund<\/strong>, er overgangen enkel. Du skal blot melde dig ind i vores klub, deltage i tr\u00e6ningen, og n\u00e5r du f\u00f8ler dig klar, tester vi, om du har de n\u00f8dvendige f\u00e6rdigheder til den p\u00e5g\u00e6ldende grad.<\/p>\n\n\n\n<p style=\"font-size:14px\"><strong>Er din grad ikke fra et ITF-forbund<\/strong>, er vejen lidt l\u00e6ngere, men stadig betydeligt kortere end de normale tider, der skal g\u00e5 mellem graderne. Da der er et meget stort overlap mellem de forskellige grene af Taekwondo, er det prim\u00e6rt Tuls du skal l\u00e6re.<\/p>\n\n\n\n<p style=\"font-size:14px\">Har du en gup-grad, kan du komme til graduering, n\u00e5r du kan det pensum, der er til graden samt til de forudg\u00e5ende grader. Der er 1 Tul til hver gup-grad.<\/p>\n\n\n\n<p style=\"font-size:14px\">Har du en dan-grad, kan du komme til graduering et \u00e5r efter indmeldelse. Her bliver du gradueret til 1. dan. Til denne graduering skal du demonstrere, at du kan det pensum, der er til 1. dan, samt til alle forudg\u00e5ende grader.<\/p>\n\n\n\n<p style=\"font-size:14px\">Herefter kan du en gang \u00e5rligt komme til dan-graduering og opn\u00e5 den n\u00e6ste dan-grad. Dette kan du g\u00f8re, indtil du n\u00e5r den dan-grad, du har i dit nuv\u00e6rende forbund.<\/p>\n\n\n\n<p style=\"font-size:14px\">Der er 3 Tuls til hver af dan-graderne 1. dan, 2. dan, 3. dan og 4. dan. Der er 2 Tuls til 5. dan og 1 Tul til 6. dan. Der er ingen Tul til 7 dan, men man bliver eksamineret i udvalgte af de i alt 24 Tuls, der er i ITF.<\/p>\n\n\n\n<p style=\"font-size:14px\">7. dan er den h\u00f8jeste grad man kan blive konverteret til.<\/p>\n<\/div>\n<\/div>\n<\/main>\n","protected":false},"excerpt":{"rendered":"<p>Konvertering til vores forbund Har du allerede en Taekwondo grad fra et andet internationalt anerkendt forbund \u2013 hvad enten det er ITF, WT eller et helt tredje \u2013 og \u00f8nsker du at konvertere til denne grad hos os, kan du l\u00e6se mere om processen her. Er din grad fra et ITF-forbund, er overgangen enkel. Du [&hellip;]<\/p>\n","protected":false},"author":1,"featured_media":130,"parent":0,"menu_order":0,"comment_status":"closed","ping_status":"closed","template":"wp-custom-template-konverter-til-os-skabelon","meta":{"footnotes":""},"class_list":["post-87","page","type-page","status-publish","has-post-thumbnail","hentry"],"_links":{"self":[{"href":"https:\/\/copenhagenitf.dk\/index.php?rest_route=\/wp\/v2\/pages\/87","targetHints":{"allow":["GET"]}}],"collection":[{"href":"https:\/\/copenhagenitf.dk\/index.php?rest_route=\/wp\/v2\/pages"}],"about":[{"href":"https:\/\/copenhagenitf.dk\/index.php?rest_route=\/wp\/v2\/types\/page"}],"author":[{"embeddable":true,"href":"https:\/\/copenhagenitf.dk\/index.php?rest_route=\/wp\/v2\/users\/1"}],"replies":[{"embeddable":true,"href":"https:\/\/copenhagenitf.dk\/index.php?rest_route=%2Fwp%2Fv2%2Fcomments&post=87"}],"version-history":[{"count":66,"href":"https:\/\/copenhagenitf.dk\/index.php?rest_route=\/wp\/v2\/pages\/87\/revisions"}],"predecessor-version":[{"id":324,"href":"https:\/\/copenhagenitf.dk\/index.php?rest_route=\/wp\/v2\/pages\/87\/revisions\/324"}],"wp:featuredmedia":[{"embeddable":true,"href":"https:\/\/copenhagenitf.dk\/index.php?rest_route=\/wp\/v2\/media\/130"}],"wp:attachment":[{"href":"https:\/\/copenhagenitf.dk\/index.php?rest_route=%2Fwp%2Fv2%2Fmedia&parent=87"}],"curies":[{"name":"wp","href":"https:\/\/api.w.org\/{rel}","templated":true}]}}